{"id":25,"date":"2020-01-19T17:25:40","date_gmt":"2020-01-19T16:25:40","guid":{"rendered":"http:\/\/lestudios.fr\/?page_id=25"},"modified":"2026-04-07T02:53:57","modified_gmt":"2026-04-07T00:53:57","slug":"formulaire-de-contact","status":"publish","type":"page","link":"https:\/\/lestudios.fr\/index.php\/formulaire-de-contact\/","title":{"rendered":"Formulaire de contact"},"content":{"rendered":"<div class=\"brz-root__container brz-reset-all brz brz-root__container-page\">\n<section id=\"_nctvnjbxexhqbkenaxdqflhmdgxhtszyxiol\" class=\"brz-section brz-css-x6f3ki\">\n<div class=\"brz-section__content brz-section--boxed brz-css-48wx9x brz-css-cgaz1v\" data-brz-custom-id=\"fkxevbdfhdxtikwexwaimkpkluypgeusfred\">\n<div class=\"brz-bg\">\n<div class=\"brz-bg-image\"><\/div>\n<\/div>\n<div class=\"brz-container brz-css-ses3kf\"><\/div>\n<\/div>\n<\/section>\n<section id=\"_hdthposixbikydemedgofqiqjpljulojlrxg\" class=\"brz-section brz-css-x6f3ki\">\n<div class=\"brz-section__content brz-section--boxed brz-css-48wx9x brz-css-lk538t\" data-brz-custom-id=\"lqhfqyusrajmpaoadwvuuwhjuetsgujflxnw\">\n<div class=\"brz-bg\">\n<div class=\"brz-bg-color\"><\/div>\n<\/div>\n<div class=\"brz-container brz-css-ses3kf\">\n<div class=\"brz-row__container brz-css-e69tco\" data-brz-custom-id=\"qifwqrbjultlyzdjpjluewhhzxwthpciwxfj\">\n<div class=\"brz-bg\"><\/div>\n<div class=\"brz-row brz-css-ti8iaf brz-css-cz24lj\">\n<div class=\"brz-columns brz-css-1956o0y brz-css-1r80qzz\" data-brz-custom-id=\"yqcewrrfjskqyurjvplpsutpggnjocotiaok\">\n<div class=\"brz-bg\"><\/div>\n<div class=\"brz-column__items brz-css-lgo3xy\">\n<div id=\"\" class=\"brz-css-1ilt1at brz-css-m0zc9o brz-wrapper\">\n<div class=\"brz-image brz-css-17e28rp\" data-brz-custom-id=\"fwmvyaypyytwbtbnggzsoajycyjfnanndhoy\"><img decoding=\"async\" class=\"brz-img\" src=\"http:\/\/lestudios.fr\/wp-content\/uploads\/brizy\/imgs\/BLACK-COURS-COLLECTIF-7-684x329x0x166x684x56x1632146582.png\" alt=\"\" loading=\"lazy\"><\/div>\n<\/div>\n<\/div>\n<\/div>\n<\/div>\n<\/div>\n<\/div>\n<\/div>\n<\/section>\n<section id=\"_zgumphmsdfhshdlxiwknnnevwkjbwjjjydto\" class=\"brz-section brz-css-x6f3ki\">\n<div class=\"brz-section__content brz-section--boxed brz-css-48wx9x brz-css-ngy5jm\" data-brz-custom-id=\"bsyzczsktwhmrznvmxyheikmirvrogdkxiof\">\n<div class=\"brz-container brz-css-ses3kf\">\n<div class=\"brz-row__container brz-css-e69tco\" data-brz-custom-id=\"poikzbjohamrgryxbpqohmdoghvuivnruyoq\">\n<div class=\"brz-bg\"><\/div>\n<div class=\"brz-row brz-css-ti8iaf brz-css-cz24lj\">\n<div class=\"brz-columns brz-css-1956o0y brz-css-1jyva1q\" data-brz-custom-id=\"wpfmfjiqcbgzridgdnvogdtqqdmlzgckxsvt\">\n<div class=\"brz-bg\"><\/div>\n<div class=\"brz-column__items brz-css-lgo3xy\">\n<div class=\"brz-wrapper-clone brz-css-257xd2\">\n<div class=\"brz-d-xs-flex brz-flex-xs-wrap brz-css-5ht7eq\" data-brz-custom-id=\"\">\n<div class=\"brz-wrapper-clone__item\" id=\"hsjclhtznzlbygaybkzqtxbykuunusgmrszi\">\n<div class=\"brz-icon__container\" data-brz-custom-id=\"hsjclhtznzlbygaybkzqtxbykuunusgmrszi\"><span class=\"brz-icon brz-span brz-css-f7nhr6 brz-css-1an7z7v\"><\/span><\/div>\n<\/div>\n<\/div>\n<\/div>\n<div id=\"\" class=\"brz-css-1ilt1at brz-wrapper\">\n<div class=\"brz-rich-text brz-rich-text__custom brz-css-1e326rc\" data-brz-custom-id=\"lissmndldthzqptofqzhykkgybgzwpwipycp\">\n<div data-brz-translate-text=\"1\">\n<p class=\"brz-text-lg-center brz-tp-lg-paragraph brz-css-sZzi0\" data-uniq-id=\"xsfih\" data-generated-css=\"brz-css-wwqvq\"><strong class=\"brz-cp-color1\">07.00.00.00.00<\/strong><\/p>\n<\/div>\n<\/div>\n<\/div>\n<\/div>\n<\/div>\n<div class=\"brz-columns brz-css-1956o0y brz-css-1lfb5x\" data-brz-custom-id=\"dgvrgmwvwczzwsefhebdpicdashrsgjwzxbl\">\n<div class=\"brz-bg\"><\/div>\n<div class=\"brz-column__items brz-css-lgo3xy\">\n<div class=\"brz-wrapper-clone brz-css-257xd2\">\n<div class=\"brz-d-xs-flex brz-flex-xs-wrap brz-css-5ht7eq\" data-brz-custom-id=\"\">\n<div class=\"brz-wrapper-clone__item\" id=\"zdcufjejuntljqqkgxrjohhkdxdeecdvvofd\">\n<div class=\"brz-icon__container\" data-brz-custom-id=\"zdcufjejuntljqqkgxrjohhkdxdeecdvvofd\"><span class=\"brz-icon brz-span brz-css-f7nhr6 brz-css-1oa5rzu\"><\/span><\/div>\n<\/div>\n<\/div>\n<\/div>\n<div id=\"\" class=\"brz-css-1ilt1at brz-wrapper\">\n<div class=\"brz-rich-text brz-rich-text__custom brz-css-1e326rc\" data-brz-custom-id=\"xcbrxmuhdgqhlvrszfkuwpzsrlahlrkigxuc\">\n<div data-brz-translate-text=\"1\">\n<p class=\"brz-text-lg-center brz-tp-lg-paragraph brz-css-vdUw1\" data-uniq-id=\"ipanl\" data-generated-css=\"brz-css-halpm\"><strong class=\"brz-cp-color1\">contact@lestudios.fr<\/strong><\/p>\n<\/div>\n<\/div>\n<\/div>\n<\/div>\n<\/div>\n<div class=\"brz-columns brz-css-1956o0y brz-css-1hufb43\" data-brz-custom-id=\"bzsgbqrpsyxnnvtbzmabwobofbiokfseshja\">\n<div class=\"brz-bg\"><\/div>\n<div class=\"brz-column__items brz-css-lgo3xy\">\n<div class=\"brz-wrapper-clone brz-css-257xd2\">\n<div class=\"brz-d-xs-flex brz-flex-xs-wrap brz-css-5ht7eq\" data-brz-custom-id=\"\">\n<div class=\"brz-wrapper-clone__item\" id=\"lzqcvqwgqahiquwitvldatpxaczpepdggprq\">\n<div class=\"brz-icon__container\" data-brz-custom-id=\"lzqcvqwgqahiquwitvldatpxaczpepdggprq\"><span class=\"brz-icon brz-span brz-css-f7nhr6 brz-css-1xci3uq\"><\/span><\/div>\n<\/div>\n<\/div>\n<\/div>\n<div id=\"\" class=\"brz-css-1ilt1at brz-wrapper\">\n<div class=\"brz-rich-text brz-rich-text__custom brz-css-1e326rc\" data-brz-custom-id=\"excabstlxuypozmodefwfipurddveavlugot\">\n<div data-brz-translate-text=\"1\">\n<p class=\"brz-text-lg-center brz-tp-lg-paragraph brz-css-kl39d\" data-uniq-id=\"tjfet\" data-generated-css=\"brz-css-waqfa\"><strong class=\"brz-cp-color1\">lestudios.13<\/strong><\/p>\n<\/div>\n<\/div>\n<\/div>\n<\/div>\n<\/div>\n<div class=\"brz-columns brz-css-1956o0y brz-css-1n7lwta\" data-brz-custom-id=\"yynxlvgubquisqxrsnkmapjmsqduocsvlnzt\">\n<div class=\"brz-bg\"><\/div>\n<div class=\"brz-column__items brz-css-lgo3xy\">\n<div class=\"brz-wrapper-clone brz-css-257xd2\">\n<div class=\"brz-d-xs-flex brz-flex-xs-wrap brz-css-5ht7eq\" data-brz-custom-id=\"\">\n<div class=\"brz-wrapper-clone__item\" id=\"buqnkqvutlbeutdkgzhrhzlxxnosflgnlgnc\">\n<div class=\"brz-icon__container\" data-brz-custom-id=\"buqnkqvutlbeutdkgzhrhzlxxnosflgnlgnc\"><span class=\"brz-icon brz-span brz-css-f7nhr6 brz-css-o1fp98\"><\/span><\/div>\n<\/div>\n<\/div>\n<\/div>\n<div id=\"\" class=\"brz-css-1ilt1at brz-wrapper\">\n<div class=\"brz-rich-text brz-rich-text__custom brz-css-1e326rc\" data-brz-custom-id=\"jkguhowqjifcgqmwlsleatslomtkqfnyybwq\">\n<div data-brz-translate-text=\"1\">\n<p class=\"brz-tp-lg-paragraph brz-text-lg-center brz-css-vg1UD\" data-generated-css=\"brz-css-ahxpv\" data-uniq-id=\"rdqmt\"><strong>17 avenue de la R\u00e9publique<\/strong><\/p>\n<p class=\"brz-tp-lg-paragraph brz-text-lg-center brz-css-i9x8U\" data-generated-css=\"brz-css-bhhwq\" data-uniq-id=\"jffmz\"><strong>13420 g\u00e9menos <\/strong><\/p>\n<\/div>\n<\/div>\n<\/div>\n<\/div>\n<\/div>\n<\/div>\n<\/div>\n<\/div>\n<\/div>\n<\/section>\n<section id=\"_dngjekjnhlwvzbkhkauopjmglwaflxyrxfgk\" class=\"brz-section brz-css-x6f3ki brz-css-laxs0y\">\n<div class=\"brz-section__content brz-section--boxed brz-css-48wx9x brz-css-173uwom\" data-brz-custom-id=\"gydyvfxnasdhsyhwaynlsbgxmnvtmuhzkvmt\">\n<div class=\"brz-container brz-css-ses3kf\">\n<div class=\"brz-row__container brz-css-e69tco\" data-brz-custom-id=\"cvifyuhbjbbhxjeorjhohuocjbhbumvgqiep\">\n<div class=\"brz-bg\"><\/div>\n<div class=\"brz-row brz-css-ti8iaf brz-css-cz24lj\">\n<div class=\"brz-columns brz-css-1956o0y brz-css-1fi1ktz\" data-brz-custom-id=\"dkbzqckdcydwfavtrhsrcgxoglrsckvvqkep\">\n<div class=\"brz-bg\"><\/div>\n<div class=\"brz-column__items brz-css-lgo3xy\">\n<div id=\"\" class=\"brz-css-1ilt1at brz-css-1srokgl brz-wrapper\">\n<div class=\"brz-embed-code brz-css-thx84n brz-css-gmd1ij\" data-brz-custom-id=\"vgirmvcykvitwtvnwrsljtyevaubdirehltv\">\n<div class=\"brz-embed-content\">\n<div><div class=\"wpforms-container wpforms-container-full\" id=\"wpforms-628\"><form id=\"wpforms-form-628\" class=\"wpforms-validate wpforms-form\" data-formid=\"628\" method=\"post\" enctype=\"multipart\/form-data\" action=\"\/index.php\/wp-json\/wp\/v2\/pages\/25\" data-token=\"7b662821f888f6ed9f4e2e2ab3b036c4\" data-token-time=\"1775918360\"><noscript class=\"wpforms-error-noscript\">Please enable JavaScript in your browser to complete this form.<\/noscript><div class=\"wpforms-field-container\"><div id=\"wpforms-628-field_0-container\" class=\"wpforms-field wpforms-field-name\" data-field-id=\"0\"><label class=\"wpforms-field-label\">Nom <span class=\"wpforms-required-label\">*<\/span><\/label><div class=\"wpforms-field-row wpforms-field-medium\"><div class=\"wpforms-field-row-block wpforms-first wpforms-one-half\"><input type=\"text\" id=\"wpforms-628-field_0\" class=\"wpforms-field-name-first wpforms-field-required\" name=\"wpforms[fields][0][first]\" required><label for=\"wpforms-628-field_0\" class=\"wpforms-field-sublabel after\">First<\/label><\/div><div class=\"wpforms-field-row-block wpforms-one-half\"><input type=\"text\" id=\"wpforms-628-field_0-last\" class=\"wpforms-field-name-last wpforms-field-required\" name=\"wpforms[fields][0][last]\" required><label for=\"wpforms-628-field_0-last\" class=\"wpforms-field-sublabel after\">Last<\/label><\/div><\/div><\/div><div id=\"wpforms-628-field_1-container\" class=\"wpforms-field wpforms-field-email\" data-field-id=\"1\"><label class=\"wpforms-field-label\" for=\"wpforms-628-field_1\">E-mail <span class=\"wpforms-required-label\">*<\/span><\/label><input type=\"email\" id=\"wpforms-628-field_1\" class=\"wpforms-field-medium wpforms-field-required\" name=\"wpforms[fields][1]\" spellcheck=\"false\" required><\/div><div id=\"wpforms-628-field_3-container\" class=\"wpforms-field wpforms-field-text\" data-field-id=\"3\"><label class=\"wpforms-field-label\" for=\"wpforms-628-field_3\">T\u00e9l\u00e9phone<\/label><input type=\"text\" id=\"wpforms-628-field_3\" class=\"wpforms-field-small\" name=\"wpforms[fields][3]\" ><\/div><div id=\"wpforms-628-field_2-container\" class=\"wpforms-field wpforms-field-textarea\" data-field-id=\"2\"><label class=\"wpforms-field-label\" for=\"wpforms-628-field_2\">Message <span class=\"wpforms-required-label\">*<\/span><\/label><textarea id=\"wpforms-628-field_2\" class=\"wpforms-field-small wpforms-field-required\" name=\"wpforms[fields][2]\" required><\/textarea><\/div><\/div><!-- .wpforms-field-container --><div class=\"wpforms-field wpforms-field-hp\"><label for=\"wpforms-628-field-hp\" class=\"wpforms-field-label\">Phone<\/label><input type=\"text\" name=\"wpforms[hp]\" id=\"wpforms-628-field-hp\" class=\"wpforms-field-medium\"><\/div><div class=\"wpforms-submit-container\" ><input type=\"hidden\" name=\"wpforms[id]\" value=\"628\"><input type=\"hidden\" name=\"page_title\" value=\"\"><input type=\"hidden\" name=\"page_url\" value=\"https:\/\/lestudios.fr\/index.php\/wp-json\/wp\/v2\/pages\/25\"><input type=\"hidden\" name=\"url_referer\" value=\"\"><button type=\"submit\" name=\"wpforms[submit]\" id=\"wpforms-submit-628\" class=\"wpforms-submit\" data-alt-text=\"Envoi...\" data-submit-text=\"Envoyer\" aria-live=\"assertive\" value=\"wpforms-submit\">Envoyer<\/button><\/div><\/form><\/div>  <!-- .wpforms-container --><\/div>\n<\/div>\n<\/div>\n<\/div>\n<\/div>\n<\/div>\n<\/div>\n<\/div>\n<\/div>\n<\/div>\n<\/section>\n<\/div>\n<p>    <!-- version:1736970241 --><\/p>\n","protected":false},"excerpt":{"rendered":"<p>07.00.00.00.00 contact@lestudios.fr lestudios.13 17 avenue de la R\u00e9publique 13420 g\u00e9menos<\/p>\n","protected":false},"author":1,"featured_media":0,"parent":0,"menu_order":0,"comment_status":"closed","ping_status":"closed","template":"brizy-blank-template.php","meta":{"footnotes":""},"class_list":["post-25","page","type-page","status-publish","hentry"],"yoast_head":"<!-- This site is optimized with the Yoast SEO plugin v24.9 - https:\/\/yoast.com\/wordpress\/plugins\/seo\/ -->\n<title>LE STUDIO S - Formulaire de contact<\/title>\n<meta name=\"description\" content=\"N&#039;h\u00e9sitez pas \u00e0 nous contactez pour tous renseignements. LE STUDIO S pr\u00e9sent sur Aubagne, Marseille, G\u00e9menos pour des coaching \u00e0 domicile ou en ext\u00e9rieur.\" \/>\n<meta name=\"robots\" content=\"index, follow, max-snippet:-1, max-image-preview:large, max-video-preview:-1\" \/>\n<link rel=\"canonical\" href=\"https:\/\/lestudios.fr\/index.php\/formulaire-de-contact\/\" \/>\n<meta property=\"og:locale\" content=\"en_US\" \/>\n<meta property=\"og:type\" content=\"article\" \/>\n<meta property=\"og:title\" content=\"LE STUDIO S - Formulaire de contact\" \/>\n<meta property=\"og:description\" content=\"N&#039;h\u00e9sitez pas \u00e0 nous contactez pour tous renseignements. LE STUDIO S pr\u00e9sent sur Aubagne, Marseille, G\u00e9menos pour des coaching \u00e0 domicile ou en ext\u00e9rieur.\" \/>\n<meta property=\"og:url\" content=\"https:\/\/lestudios.fr\/index.php\/formulaire-de-contact\/\" \/>\n<meta property=\"og:site_name\" content=\"LE STUDIO S\" \/>\n<meta property=\"article:modified_time\" content=\"2026-04-07T00:53:57+00:00\" \/>\n<meta property=\"og:image\" content=\"http:\/\/lestudios.fr\/wp-content\/uploads\/brizy\/imgs\/BLACK-COURS-COLLECTIF-7-684x329x0x166x684x56x1632146582.png\" \/>\n<meta name=\"twitter:card\" content=\"summary_large_image\" \/>\n<script type=\"application\/ld+json\" class=\"yoast-schema-graph\">{\"@context\":\"https:\/\/schema.org\",\"@graph\":[{\"@type\":\"WebPage\",\"@id\":\"https:\/\/lestudios.fr\/index.php\/formulaire-de-contact\/\",\"url\":\"https:\/\/lestudios.fr\/index.php\/formulaire-de-contact\/\",\"name\":\"LE STUDIO S - Formulaire de contact\",\"isPartOf\":{\"@id\":\"https:\/\/lestudios.fr\/#website\"},\"primaryImageOfPage\":{\"@id\":\"https:\/\/lestudios.fr\/index.php\/formulaire-de-contact\/#primaryimage\"},\"image\":{\"@id\":\"https:\/\/lestudios.fr\/index.php\/formulaire-de-contact\/#primaryimage\"},\"thumbnailUrl\":\"http:\/\/lestudios.fr\/wp-content\/uploads\/brizy\/imgs\/BLACK-COURS-COLLECTIF-7-684x329x0x166x684x56x1632146582.png\",\"datePublished\":\"2020-01-19T16:25:40+00:00\",\"dateModified\":\"2026-04-07T00:53:57+00:00\",\"description\":\"N'h\u00e9sitez pas \u00e0 nous contactez pour tous renseignements. LE STUDIO S pr\u00e9sent sur Aubagne, Marseille, G\u00e9menos pour des coaching \u00e0 domicile ou en ext\u00e9rieur.\",\"breadcrumb\":{\"@id\":\"https:\/\/lestudios.fr\/index.php\/formulaire-de-contact\/#breadcrumb\"},\"inLanguage\":\"en-US\",\"potentialAction\":[{\"@type\":\"ReadAction\",\"target\":[\"https:\/\/lestudios.fr\/index.php\/formulaire-de-contact\/\"]}]},{\"@type\":\"ImageObject\",\"inLanguage\":\"en-US\",\"@id\":\"https:\/\/lestudios.fr\/index.php\/formulaire-de-contact\/#primaryimage\",\"url\":\"http:\/\/lestudios.fr\/wp-content\/uploads\/brizy\/imgs\/BLACK-COURS-COLLECTIF-7-684x329x0x166x684x56x1632146582.png\",\"contentUrl\":\"http:\/\/lestudios.fr\/wp-content\/uploads\/brizy\/imgs\/BLACK-COURS-COLLECTIF-7-684x329x0x166x684x56x1632146582.png\"},{\"@type\":\"BreadcrumbList\",\"@id\":\"https:\/\/lestudios.fr\/index.php\/formulaire-de-contact\/#breadcrumb\",\"itemListElement\":[{\"@type\":\"ListItem\",\"position\":1,\"name\":\"Accueil\",\"item\":\"https:\/\/lestudios.fr\/\"},{\"@type\":\"ListItem\",\"position\":2,\"name\":\"Formulaire de contact\"}]},{\"@type\":\"WebSite\",\"@id\":\"https:\/\/lestudios.fr\/#website\",\"url\":\"https:\/\/lestudios.fr\/\",\"name\":\"LE STUDIO S\",\"description\":\"Sports Premium\",\"potentialAction\":[{\"@type\":\"SearchAction\",\"target\":{\"@type\":\"EntryPoint\",\"urlTemplate\":\"https:\/\/lestudios.fr\/?s={search_term_string}\"},\"query-input\":{\"@type\":\"PropertyValueSpecification\",\"valueRequired\":true,\"valueName\":\"search_term_string\"}}],\"inLanguage\":\"en-US\"}]}<\/script>\n<!-- \/ Yoast SEO plugin. -->","yoast_head_json":{"title":"LE STUDIO S - Formulaire de contact","description":"N'h\u00e9sitez pas \u00e0 nous contactez pour tous renseignements. LE STUDIO S pr\u00e9sent sur Aubagne, Marseille, G\u00e9menos pour des coaching \u00e0 domicile ou en ext\u00e9rieur.","robots":{"index":"index","follow":"follow","max-snippet":"max-snippet:-1","max-image-preview":"max-image-preview:large","max-video-preview":"max-video-preview:-1"},"canonical":"https:\/\/lestudios.fr\/index.php\/formulaire-de-contact\/","og_locale":"en_US","og_type":"article","og_title":"LE STUDIO S - Formulaire de contact","og_description":"N'h\u00e9sitez pas \u00e0 nous contactez pour tous renseignements. LE STUDIO S pr\u00e9sent sur Aubagne, Marseille, G\u00e9menos pour des coaching \u00e0 domicile ou en ext\u00e9rieur.","og_url":"https:\/\/lestudios.fr\/index.php\/formulaire-de-contact\/","og_site_name":"LE STUDIO S","article_modified_time":"2026-04-07T00:53:57+00:00","og_image":[{"url":"http:\/\/lestudios.fr\/wp-content\/uploads\/brizy\/imgs\/BLACK-COURS-COLLECTIF-7-684x329x0x166x684x56x1632146582.png","type":"","width":"","height":""}],"twitter_card":"summary_large_image","schema":{"@context":"https:\/\/schema.org","@graph":[{"@type":"WebPage","@id":"https:\/\/lestudios.fr\/index.php\/formulaire-de-contact\/","url":"https:\/\/lestudios.fr\/index.php\/formulaire-de-contact\/","name":"LE STUDIO S - Formulaire de contact","isPartOf":{"@id":"https:\/\/lestudios.fr\/#website"},"primaryImageOfPage":{"@id":"https:\/\/lestudios.fr\/index.php\/formulaire-de-contact\/#primaryimage"},"image":{"@id":"https:\/\/lestudios.fr\/index.php\/formulaire-de-contact\/#primaryimage"},"thumbnailUrl":"http:\/\/lestudios.fr\/wp-content\/uploads\/brizy\/imgs\/BLACK-COURS-COLLECTIF-7-684x329x0x166x684x56x1632146582.png","datePublished":"2020-01-19T16:25:40+00:00","dateModified":"2026-04-07T00:53:57+00:00","description":"N'h\u00e9sitez pas \u00e0 nous contactez pour tous renseignements. LE STUDIO S pr\u00e9sent sur Aubagne, Marseille, G\u00e9menos pour des coaching \u00e0 domicile ou en ext\u00e9rieur.","breadcrumb":{"@id":"https:\/\/lestudios.fr\/index.php\/formulaire-de-contact\/#breadcrumb"},"inLanguage":"en-US","potentialAction":[{"@type":"ReadAction","target":["https:\/\/lestudios.fr\/index.php\/formulaire-de-contact\/"]}]},{"@type":"ImageObject","inLanguage":"en-US","@id":"https:\/\/lestudios.fr\/index.php\/formulaire-de-contact\/#primaryimage","url":"http:\/\/lestudios.fr\/wp-content\/uploads\/brizy\/imgs\/BLACK-COURS-COLLECTIF-7-684x329x0x166x684x56x1632146582.png","contentUrl":"http:\/\/lestudios.fr\/wp-content\/uploads\/brizy\/imgs\/BLACK-COURS-COLLECTIF-7-684x329x0x166x684x56x1632146582.png"},{"@type":"BreadcrumbList","@id":"https:\/\/lestudios.fr\/index.php\/formulaire-de-contact\/#breadcrumb","itemListElement":[{"@type":"ListItem","position":1,"name":"Accueil","item":"https:\/\/lestudios.fr\/"},{"@type":"ListItem","position":2,"name":"Formulaire de contact"}]},{"@type":"WebSite","@id":"https:\/\/lestudios.fr\/#website","url":"https:\/\/lestudios.fr\/","name":"LE STUDIO S","description":"Sports Premium","potentialAction":[{"@type":"SearchAction","target":{"@type":"EntryPoint","urlTemplate":"https:\/\/lestudios.fr\/?s={search_term_string}"},"query-input":{"@type":"PropertyValueSpecification","valueRequired":true,"valueName":"search_term_string"}}],"inLanguage":"en-US"}]}},"brizy_media":[{"id":41,"url":"https:\/\/lestudios.fr\/wp-content\/uploads\/2020\/01\/logo-2-1.png","name":"logo-2-1.png","meta":{"brizy_attachment_uid":"wp-306bfc7730a836debd021e17c4aaf39e","brizy_post_uid":["4b0bfaad070133a51db4062cebd488a7","ffc219f1c756983fbb6a02212ed52b63","e5ac58b29e81ad59dede71cbbc5dc3b2","348911a4f68c478e9bc829e150783c78","32b2904b10b9b3e9919ee2a7030d0465","0c36e522c52e265ebeb77e6f5965387a"]}},{"id":86,"url":"https:\/\/lestudios.fr\/wp-content\/uploads\/2020\/01\/LE-STUDIO-S-e1579472396609.png","name":"LE-STUDIO-S.png","meta":{"brizy_attachment_uid":"wp-b794369933392ec25f9fe5acf3c8bcce","brizy_post_uid":["ffc219f1c756983fbb6a02212ed52b63","e5ac58b29e81ad59dede71cbbc5dc3b2","32b2904b10b9b3e9919ee2a7030d0465","3a3dd1a2e1b23e66177a9ca987872fd6"]}},{"id":12,"url":"https:\/\/lestudios.fr\/wp-content\/uploads\/2020\/01\/logo-2.png","name":"logo-2.png","meta":{"brizy_attachment_uid":"wp-b6f7d8452b869e620038ab2936bfd9e6","brizy_post_uid":["ffc219f1c756983fbb6a02212ed52b63","e5ac58b29e81ad59dede71cbbc5dc3b2","32b2904b10b9b3e9919ee2a7030d0465","0c36e522c52e265ebeb77e6f5965387a"]}},{"id":1662,"url":"https:\/\/lestudios.fr\/wp-content\/uploads\/2020\/01\/thumb-1920-410316.jpg","name":"thumb-1920-410316.jpg","meta":{"brizy_attachment_uid":"wp-df3e2a867c08666cfdd43ba165315c68","brizy_post_uid":["ffc219f1c756983fbb6a02212ed52b63","e5ac58b29e81ad59dede71cbbc5dc3b2"]}},{"id":2229,"url":"https:\/\/lestudios.fr\/wp-content\/uploads\/2020\/01\/thumb-1920-551467.png","name":"thumb-1920-551467.png","meta":{"brizy_attachment_uid":"wp-e7428117dd890642855cf9f4255cc7c5","brizy_post_uid":["e5ac58b29e81ad59dede71cbbc5dc3b2","3f50cf5de385856e2aa9e934a847d71d","3a3dd1a2e1b23e66177a9ca987872fd6"]}},{"id":3297,"url":"https:\/\/lestudios.fr\/wp-content\/uploads\/2021\/09\/LOGO-2021.png","name":"LOGO-2021.png","meta":{"brizy_attachment_uid":"wp-1d169a5e77dddcb0b2f29794fd05355e.png","brizy_post_uid":["ffc219f1c756983fbb6a02212ed52b63","32b2904b10b9b3e9919ee2a7030d0465","bb510a0449f8a06bee6b2059bc36f2ce","3a3dd1a2e1b23e66177a9ca987872fd6","348911a4f68c478e9bc829e150783c78","e5ac58b29e81ad59dede71cbbc5dc3b2","87123d72e766d772ed27fb209896ed58","0c36e522c52e265ebeb77e6f5965387a"]}},{"id":3512,"url":"https:\/\/lestudios.fr\/wp-content\/uploads\/2021\/09\/WHITE-CONTACT-1.png","name":"WHITE-CONTACT-1.png","meta":{"brizy_attachment_uid":"wp-f340d008b2ec7bcfd225d0031efc218b.png","brizy_post_uid":["ffc219f1c756983fbb6a02212ed52b63","32b2904b10b9b3e9919ee2a7030d0465","0c36e522c52e265ebeb77e6f5965387a","3f50cf5de385856e2aa9e934a847d71d","3a3dd1a2e1b23e66177a9ca987872fd6","348911a4f68c478e9bc829e150783c78","87123d72e766d772ed27fb209896ed58","e5ac58b29e81ad59dede71cbbc5dc3b2"]}},{"id":3781,"url":"https:\/\/lestudios.fr\/wp-content\/uploads\/2021\/09\/BLACK-COURS-COLLECTIF-7.png","name":"BLACK-COURS-COLLECTIF-7.png","meta":{"brizy_attachment_uid":"wp-cf31faaee35b1854728d83aad0045b59.png","brizy_post_uid":["e5ac58b29e81ad59dede71cbbc5dc3b2"]}}],"_links":{"self":[{"href":"https:\/\/lestudios.fr\/index.php\/wp-json\/wp\/v2\/pages\/25","targetHints":{"allow":["GET"]}}],"collection":[{"href":"https:\/\/lestudios.fr\/index.php\/wp-json\/wp\/v2\/pages"}],"about":[{"href":"https:\/\/lestudios.fr\/index.php\/wp-json\/wp\/v2\/types\/page"}],"author":[{"embeddable":true,"href":"https:\/\/lestudios.fr\/index.php\/wp-json\/wp\/v2\/users\/1"}],"replies":[{"embeddable":true,"href":"https:\/\/lestudios.fr\/index.php\/wp-json\/wp\/v2\/comments?post=25"}],"version-history":[{"count":30,"href":"https:\/\/lestudios.fr\/index.php\/wp-json\/wp\/v2\/pages\/25\/revisions"}],"predecessor-version":[{"id":3887,"href":"https:\/\/lestudios.fr\/index.php\/wp-json\/wp\/v2\/pages\/25\/revisions\/3887"}],"wp:attachment":[{"href":"https:\/\/lestudios.fr\/index.php\/wp-json\/wp\/v2\/media?parent=25"}],"curies":[{"name":"wp","href":"https:\/\/api.w.org\/{rel}","templated":true}]}}