{"id":2993,"date":"2021-09-16T22:28:25","date_gmt":"2021-09-16T20:28:25","guid":{"rendered":"https:\/\/lestudios.fr\/?page_id=2993"},"modified":"2026-04-07T12:08:22","modified_gmt":"2026-04-07T10:08:22","slug":"espace-adherents","status":"publish","type":"page","link":"https:\/\/lestudios.fr\/index.php\/espace-adherents\/","title":{"rendered":"ESPACE ADH\u00c9RENTS"},"content":{"rendered":"<div class=\"brz-root__container brz-reset-all brz brz-root__container-page\">\n<section id=\"_dorbbaqhcvguemhqhyvmdfcuhebtrlalwtiz\" class=\"brz-section brz-css-wp8q49\">\n<div class=\"brz-section__content brz-section--boxed brz-css-1a3bhhg brz-css-1ijz0yt\" data-brz-custom-id=\"ursmknpfawzaetirliiqvhqjldootjonespg\">\n<div class=\"brz-bg\">\n<div class=\"brz-bg-image\"><\/div>\n<\/div>\n<div class=\"brz-container brz-css-17l6zf4\">\n<div class=\"brz-wrapper-clone brz-css-ft8kmy brz-css-1dmbbfe\">\n<div class=\"brz-d-xs-flex brz-flex-xs-wrap brz-css-nduiti\" data-brz-custom-id=\"\">\n<div class=\"brz-wrapper-clone__item\" id=\"isjaomnesxnyeyzhnnaatzbctqsoiuvpobrm\">\n<div class=\"brz-icon__container\" data-brz-custom-id=\"isjaomnesxnyeyzhnnaatzbctqsoiuvpobrm\"><a class=\"brz-a\" href=\"www.lestudios.fr\" target=\"_self\" rel=\"noopener\" data-brz-link-type=\"external\"><span class=\"brz-icon brz-span brz-css-y61pqr brz-css-oxml6p\"><\/span><\/a><\/div>\n<\/div>\n<\/div>\n<\/div>\n<\/div>\n<\/div>\n<\/section>\n<section id=\"_tulhsvzgvcsgmglijuvrndxmnageyflhmgsx\" class=\"brz-section brz-css-wp8q49\">\n<div class=\"brz-section__content brz-section--boxed brz-css-1a3bhhg brz-css-16lkwwt\" data-brz-custom-id=\"ysvvxdfxggijjuxldzyppsiwezqlefgxugll\">\n<div class=\"brz-container brz-css-17l6zf4\">\n<div class=\"brz-row__container brz-css-u90hco brz-css-m4rmb\" data-brz-custom-id=\"nwgfrksmrcmhifohulbpjbegoiqmicvvpkjs\">\n<div class=\"brz-bg\"><\/div>\n<div class=\"brz-row brz-css-la4rvo brz-css-1mbg5v1\">\n<div class=\"brz-columns brz-css-1xl7b15 brz-css-138b7l1\" data-brz-custom-id=\"gdmuhwoawivprzwdrkprfifghsqhbdxvknlk\">\n<div class=\"brz-bg\"><\/div>\n<div class=\"brz-column__items brz-css-14w91da brz-css-fanqhn\">\n<div id=\"\" class=\"brz-css-1foq2zz brz-css-1vbi8tu brz-wrapper\">\n<div class=\"brz-rich-text brz-rich-text__custom brz-css-hiy6dd\" data-brz-custom-id=\"hofbqmphiwuipiqxljczazlwrxdsbejhjrfr\">\n<div data-brz-translate-text=\"1\">\n<p class=\"brz-fs-lg-16 brz-ft-google brz-ff-lato brz-tp-lg-empty brz-lh-lg-1_5 brz-ls-lg-1_1 brz-fw-lg-700 brz-fss-lg-px brz-text-lg-center brz-mt-lg-0 brz-css-uzZFE\" data-uniq-id=\"vbzpm\" data-generated-css=\"brz-css-dbxqd\"><span class=\"brz-cp-color1\">RESERVATION<\/span><\/p>\n<\/div>\n<\/div>\n<\/div>\n<div id=\"\" class=\"brz-css-1foq2zz brz-css-1skcgc2 brz-wrapper\">\n<div class=\"brz-rich-text brz-rich-text__custom brz-css-hiy6dd\" data-brz-custom-id=\"vjpvnuwnxjmeqrhjlgbafwwnblymowvlpqiz\">\n<div data-brz-translate-text=\"1\">\n<h2 class=\"brz-text-lg-left brz-tp-lg-heading2 brz-css-sHEtB\" data-uniq-id=\"gbmir\" data-generated-css=\"brz-css-bkkpt\"><\/h2>\n<\/div>\n<\/div>\n<\/div>\n<div id=\"\" class=\"brz-css-1foq2zz brz-css-1v82l7p brz-wrapper\">\n<div class=\"brz-spacer brz-css-yb1uvy brz-css-oqk0fx\"><\/div>\n<\/div>\n<\/div>\n<\/div>\n<div class=\"brz-columns brz-css-1xl7b15 brz-css-1br6sli\" data-brz-custom-id=\"dvvwsxckqrtqpbopmnxnclowgjwgfaroihib\">\n<div class=\"brz-bg\"><\/div>\n<div class=\"brz-column__items brz-css-14w91da brz-css-9np0mh\">\n<div id=\"\" class=\"brz-css-1foq2zz brz-css-tp1w8h brz-wrapper\">\n<div class=\"brz-image brz-css-321dlc brz-css-1xjvmgy\" data-brz-custom-id=\"spjfbsrqcworfawarfkniwurxmoxxzcokhah\"><img decoding=\"async\" class=\"brz-img\" src=\"https:\/\/lestudios.fr\/wp-content\/uploads\/brizy\/imgs\/champlifezy171100062-677x451x61x0x555x451x1631824079.jpg\" alt=\"\" loading=\"lazy\"><\/div>\n<\/div>\n<\/div>\n<\/div>\n<\/div>\n<\/div>\n<\/div>\n<\/div>\n<\/section>\n<\/div>\n<p>    <!-- version:1737111616 --><\/p>\n","protected":false},"excerpt":{"rendered":"<p>RESERVATION<\/p>\n","protected":false},"author":1,"featured_media":0,"parent":0,"menu_order":0,"comment_status":"closed","ping_status":"closed","template":"brizy-blank-template.php","meta":{"footnotes":""},"class_list":["post-2993","page","type-page","status-publish","hentry"],"yoast_head":"<!-- This site is optimized with the Yoast SEO plugin v24.9 - https:\/\/yoast.com\/wordpress\/plugins\/seo\/ -->\n<title>ESPACE ADH\u00c9RENTS - LE STUDIO S<\/title>\n<meta name=\"description\" content=\"Espace adh\u00e9rents LE STUDIO S . R\u00e9servez ici votre cr\u00e9neaux pour un cours collectifs ou personnel. Identifiez vous pour acc\u00e9dez \u00e0 votre espace.\" \/>\n<meta name=\"robots\" content=\"index, follow, max-snippet:-1, max-image-preview:large, max-video-preview:-1\" \/>\n<link rel=\"canonical\" href=\"https:\/\/lestudios.fr\/index.php\/espace-adherents\/\" \/>\n<meta property=\"og:locale\" content=\"en_US\" \/>\n<meta property=\"og:type\" content=\"article\" \/>\n<meta property=\"og:title\" content=\"ESPACE ADH\u00c9RENTS - LE STUDIO S\" \/>\n<meta property=\"og:description\" content=\"Espace adh\u00e9rents LE STUDIO S . R\u00e9servez ici votre cr\u00e9neaux pour un cours collectifs ou personnel. Identifiez vous pour acc\u00e9dez \u00e0 votre espace.\" \/>\n<meta property=\"og:url\" content=\"https:\/\/lestudios.fr\/index.php\/espace-adherents\/\" \/>\n<meta property=\"og:site_name\" content=\"LE STUDIO S\" \/>\n<meta property=\"article:modified_time\" content=\"2026-04-07T10:08:22+00:00\" \/>\n<meta property=\"og:image\" content=\"https:\/\/lestudios.fr\/wp-content\/uploads\/brizy\/imgs\/champlifezy171100062-677x451x61x0x555x451x1631824079.jpg\" \/>\n<meta name=\"twitter:card\" content=\"summary_large_image\" \/>\n<meta name=\"twitter:label1\" content=\"Est. reading time\" \/>\n\t<meta name=\"twitter:data1\" content=\"1 minute\" \/>\n<script type=\"application\/ld+json\" class=\"yoast-schema-graph\">{\"@context\":\"https:\/\/schema.org\",\"@graph\":[{\"@type\":\"WebPage\",\"@id\":\"https:\/\/lestudios.fr\/index.php\/espace-adherents\/\",\"url\":\"https:\/\/lestudios.fr\/index.php\/espace-adherents\/\",\"name\":\"ESPACE ADH\u00c9RENTS - LE STUDIO S\",\"isPartOf\":{\"@id\":\"https:\/\/lestudios.fr\/#website\"},\"primaryImageOfPage\":{\"@id\":\"https:\/\/lestudios.fr\/index.php\/espace-adherents\/#primaryimage\"},\"image\":{\"@id\":\"https:\/\/lestudios.fr\/index.php\/espace-adherents\/#primaryimage\"},\"thumbnailUrl\":\"https:\/\/lestudios.fr\/wp-content\/uploads\/brizy\/imgs\/champlifezy171100062-677x451x61x0x555x451x1631824079.jpg\",\"datePublished\":\"2021-09-16T20:28:25+00:00\",\"dateModified\":\"2026-04-07T10:08:22+00:00\",\"description\":\"Espace adh\u00e9rents LE STUDIO S . R\u00e9servez ici votre cr\u00e9neaux pour un cours collectifs ou personnel. Identifiez vous pour acc\u00e9dez \u00e0 votre espace.\",\"breadcrumb\":{\"@id\":\"https:\/\/lestudios.fr\/index.php\/espace-adherents\/#breadcrumb\"},\"inLanguage\":\"en-US\",\"potentialAction\":[{\"@type\":\"ReadAction\",\"target\":[\"https:\/\/lestudios.fr\/index.php\/espace-adherents\/\"]}]},{\"@type\":\"ImageObject\",\"inLanguage\":\"en-US\",\"@id\":\"https:\/\/lestudios.fr\/index.php\/espace-adherents\/#primaryimage\",\"url\":\"https:\/\/lestudios.fr\/wp-content\/uploads\/brizy\/imgs\/champlifezy171100062-677x451x61x0x555x451x1631824079.jpg\",\"contentUrl\":\"https:\/\/lestudios.fr\/wp-content\/uploads\/brizy\/imgs\/champlifezy171100062-677x451x61x0x555x451x1631824079.jpg\"},{\"@type\":\"BreadcrumbList\",\"@id\":\"https:\/\/lestudios.fr\/index.php\/espace-adherents\/#breadcrumb\",\"itemListElement\":[{\"@type\":\"ListItem\",\"position\":1,\"name\":\"Accueil\",\"item\":\"https:\/\/lestudios.fr\/\"},{\"@type\":\"ListItem\",\"position\":2,\"name\":\"ESPACE ADH\u00c9RENTS\"}]},{\"@type\":\"WebSite\",\"@id\":\"https:\/\/lestudios.fr\/#website\",\"url\":\"https:\/\/lestudios.fr\/\",\"name\":\"LE STUDIO S\",\"description\":\"Sports Premium\",\"potentialAction\":[{\"@type\":\"SearchAction\",\"target\":{\"@type\":\"EntryPoint\",\"urlTemplate\":\"https:\/\/lestudios.fr\/?s={search_term_string}\"},\"query-input\":{\"@type\":\"PropertyValueSpecification\",\"valueRequired\":true,\"valueName\":\"search_term_string\"}}],\"inLanguage\":\"en-US\"}]}<\/script>\n<!-- \/ Yoast SEO plugin. -->","yoast_head_json":{"title":"ESPACE ADH\u00c9RENTS - LE STUDIO S","description":"Espace adh\u00e9rents LE STUDIO S . R\u00e9servez ici votre cr\u00e9neaux pour un cours collectifs ou personnel. Identifiez vous pour acc\u00e9dez \u00e0 votre espace.","robots":{"index":"index","follow":"follow","max-snippet":"max-snippet:-1","max-image-preview":"max-image-preview:large","max-video-preview":"max-video-preview:-1"},"canonical":"https:\/\/lestudios.fr\/index.php\/espace-adherents\/","og_locale":"en_US","og_type":"article","og_title":"ESPACE ADH\u00c9RENTS - LE STUDIO S","og_description":"Espace adh\u00e9rents LE STUDIO S . R\u00e9servez ici votre cr\u00e9neaux pour un cours collectifs ou personnel. Identifiez vous pour acc\u00e9dez \u00e0 votre espace.","og_url":"https:\/\/lestudios.fr\/index.php\/espace-adherents\/","og_site_name":"LE STUDIO S","article_modified_time":"2026-04-07T10:08:22+00:00","og_image":[{"url":"https:\/\/lestudios.fr\/wp-content\/uploads\/brizy\/imgs\/champlifezy171100062-677x451x61x0x555x451x1631824079.jpg","type":"","width":"","height":""}],"twitter_card":"summary_large_image","twitter_misc":{"Est. reading time":"1 minute"},"schema":{"@context":"https:\/\/schema.org","@graph":[{"@type":"WebPage","@id":"https:\/\/lestudios.fr\/index.php\/espace-adherents\/","url":"https:\/\/lestudios.fr\/index.php\/espace-adherents\/","name":"ESPACE ADH\u00c9RENTS - LE STUDIO S","isPartOf":{"@id":"https:\/\/lestudios.fr\/#website"},"primaryImageOfPage":{"@id":"https:\/\/lestudios.fr\/index.php\/espace-adherents\/#primaryimage"},"image":{"@id":"https:\/\/lestudios.fr\/index.php\/espace-adherents\/#primaryimage"},"thumbnailUrl":"https:\/\/lestudios.fr\/wp-content\/uploads\/brizy\/imgs\/champlifezy171100062-677x451x61x0x555x451x1631824079.jpg","datePublished":"2021-09-16T20:28:25+00:00","dateModified":"2026-04-07T10:08:22+00:00","description":"Espace adh\u00e9rents LE STUDIO S . R\u00e9servez ici votre cr\u00e9neaux pour un cours collectifs ou personnel. Identifiez vous pour acc\u00e9dez \u00e0 votre espace.","breadcrumb":{"@id":"https:\/\/lestudios.fr\/index.php\/espace-adherents\/#breadcrumb"},"inLanguage":"en-US","potentialAction":[{"@type":"ReadAction","target":["https:\/\/lestudios.fr\/index.php\/espace-adherents\/"]}]},{"@type":"ImageObject","inLanguage":"en-US","@id":"https:\/\/lestudios.fr\/index.php\/espace-adherents\/#primaryimage","url":"https:\/\/lestudios.fr\/wp-content\/uploads\/brizy\/imgs\/champlifezy171100062-677x451x61x0x555x451x1631824079.jpg","contentUrl":"https:\/\/lestudios.fr\/wp-content\/uploads\/brizy\/imgs\/champlifezy171100062-677x451x61x0x555x451x1631824079.jpg"},{"@type":"BreadcrumbList","@id":"https:\/\/lestudios.fr\/index.php\/espace-adherents\/#breadcrumb","itemListElement":[{"@type":"ListItem","position":1,"name":"Accueil","item":"https:\/\/lestudios.fr\/"},{"@type":"ListItem","position":2,"name":"ESPACE ADH\u00c9RENTS"}]},{"@type":"WebSite","@id":"https:\/\/lestudios.fr\/#website","url":"https:\/\/lestudios.fr\/","name":"LE STUDIO S","description":"Sports Premium","potentialAction":[{"@type":"SearchAction","target":{"@type":"EntryPoint","urlTemplate":"https:\/\/lestudios.fr\/?s={search_term_string}"},"query-input":{"@type":"PropertyValueSpecification","valueRequired":true,"valueName":"search_term_string"}}],"inLanguage":"en-US"}]}},"brizy_media":[{"id":2898,"url":"https:\/\/lestudios.fr\/wp-content\/uploads\/brizy\/26\/assets\/images\/d03-Color-2-1.jpg","name":"d03-Color-2-1.jpg","meta":{"brizy_attachment_uid":"d03-Color-2-1.jpg","brizy_post_uid":["0c36e522c52e265ebeb77e6f5965387a","bb510a0449f8a06bee6b2059bc36f2ce"]}},{"id":3052,"url":"https:\/\/lestudios.fr\/wp-content\/uploads\/2021\/09\/champlifezy171100062.jpg","name":"champlifezy171100062.jpg","meta":{"brizy_attachment_uid":"wp-24bd92213d519696147fb0683ce102cb.jpg","brizy_post_uid":["bb510a0449f8a06bee6b2059bc36f2ce"]}},{"id":3297,"url":"https:\/\/lestudios.fr\/wp-content\/uploads\/2021\/09\/LOGO-2021.png","name":"LOGO-2021.png","meta":{"brizy_attachment_uid":"wp-1d169a5e77dddcb0b2f29794fd05355e.png","brizy_post_uid":["ffc219f1c756983fbb6a02212ed52b63","32b2904b10b9b3e9919ee2a7030d0465","bb510a0449f8a06bee6b2059bc36f2ce","3a3dd1a2e1b23e66177a9ca987872fd6","348911a4f68c478e9bc829e150783c78","e5ac58b29e81ad59dede71cbbc5dc3b2","87123d72e766d772ed27fb209896ed58","0c36e522c52e265ebeb77e6f5965387a"]}}],"_links":{"self":[{"href":"https:\/\/lestudios.fr\/index.php\/wp-json\/wp\/v2\/pages\/2993","targetHints":{"allow":["GET"]}}],"collection":[{"href":"https:\/\/lestudios.fr\/index.php\/wp-json\/wp\/v2\/pages"}],"about":[{"href":"https:\/\/lestudios.fr\/index.php\/wp-json\/wp\/v2\/types\/page"}],"author":[{"embeddable":true,"href":"https:\/\/lestudios.fr\/index.php\/wp-json\/wp\/v2\/users\/1"}],"replies":[{"embeddable":true,"href":"https:\/\/lestudios.fr\/index.php\/wp-json\/wp\/v2\/comments?post=2993"}],"version-history":[{"count":11,"href":"https:\/\/lestudios.fr\/index.php\/wp-json\/wp\/v2\/pages\/2993\/revisions"}],"predecessor-version":[{"id":3382,"href":"https:\/\/lestudios.fr\/index.php\/wp-json\/wp\/v2\/pages\/2993\/revisions\/3382"}],"wp:attachment":[{"href":"https:\/\/lestudios.fr\/index.php\/wp-json\/wp\/v2\/media?parent=2993"}],"curies":[{"name":"wp","href":"https:\/\/api.w.org\/{rel}","templated":true}]}}