{"id":3153,"date":"2021-09-17T10:59:39","date_gmt":"2021-09-17T08:59:39","guid":{"rendered":"https:\/\/lestudios.fr\/?page_id=3153"},"modified":"2026-04-07T03:51:12","modified_gmt":"2026-04-07T01:51:12","slug":"le-studio-kids","status":"publish","type":"page","link":"https:\/\/lestudios.fr\/index.php\/le-studio-kids\/","title":{"rendered":"LE STUDIO KID&#8217;S"},"content":{"rendered":"<div class=\"brz-root__container brz-reset-all brz brz-root__container-page\">\n<section id=\"_zpqdczzqydugimmbdyoxfmwvkiwzzvinlboo\" class=\"brz-section brz-css-8dcsmb\">\n<div class=\"brz-section__content brz-section--boxed brz-css-1w8e85k brz-css-3gkvep\" data-brz-custom-id=\"azwbahlghzgwaqbjynwcnkxpqjhdbmayjcik\">\n<div class=\"brz-bg\">\n<div class=\"brz-bg-image\"><\/div>\n<\/div>\n<div class=\"brz-container brz-css-14ebqvk\"><\/div>\n<\/div>\n<\/section>\n<section id=\"_duxrqaqpcokisgminmqtmalffxjxmwsnbmfi\" class=\"brz-section brz-css-8dcsmb\">\n<div class=\"brz-section__content brz-section--boxed brz-css-1w8e85k brz-css-837sxe\" data-brz-custom-id=\"jowqddldfucdxteldxkeyfasfyqethiqnwkr\">\n<div class=\"brz-container brz-css-14ebqvk\">\n<div class=\"brz-row__container brz-css-34g8uz brz-css-153g8av\" data-brz-custom-id=\"xwwlkdcltjsmitayzyxwhylbvxpqbybksiga\">\n<div class=\"brz-bg\"><\/div>\n<div class=\"brz-row brz-css-ny0u5r brz-css-19a7rep\">\n<div class=\"brz-columns brz-css-getw4 brz-css-1tueul8\" data-brz-custom-id=\"lxuhvtxedxrdhlqtylwmpoahadawqscapwnw\">\n<div class=\"brz-bg\"><\/div>\n<div class=\"brz-column__items brz-css-1fk92c6 brz-css-1jucrui\">\n<div id=\"\" class=\"brz-css-1pjfa9f brz-css-1wjft6f brz-wrapper\">\n<div class=\"brz-image brz-css-1v78vvp brz-css-2bk683\" data-brz-custom-id=\"kcdppxvvgejrqxznmkplwclsxsewyclitlnp\"><img decoding=\"async\" class=\"brz-img\" src=\"https:\/\/lestudios.fr\/wp-content\/uploads\/brizy\/imgs\/edf-1-470x274x0x0x470x274x1631988296.jpg\" alt=\"\" loading=\"lazy\"><\/div>\n<\/div>\n<div id=\"\" class=\"brz-css-1pjfa9f brz-css-vevnul brz-css-r67x5z brz-wrapper\">\n<div class=\"brz-spacer brz-css-gqybzc brz-css-6oeahf\"><\/div>\n<\/div>\n<\/div>\n<\/div>\n<div class=\"brz-columns brz-css-getw4 brz-css-a0r9s8\" data-brz-custom-id=\"vgaklmqxrouranolkrwrzxrphpzmatrczfzo\">\n<div class=\"brz-bg\"><\/div>\n<div class=\"brz-column__items brz-css-1fk92c6 brz-css-1gjqeek\">\n<div id=\"\" class=\"brz-css-1pjfa9f brz-css-b818t0 brz-wrapper\">\n<div class=\"brz-image brz-css-1nl2xvw\" data-brz-custom-id=\"waxrlodzulbyucsyatgsehguwbibkcbzuuby\"><img decoding=\"async\" class=\"brz-img\" src=\"https:\/\/lestudios.fr\/wp-content\/uploads\/brizy\/imgs\/KIDS-874x421x219x74x437x188x1631987893.png\" alt=\"\" loading=\"lazy\"><\/div>\n<\/div>\n<div id=\"\" class=\"brz-css-1pjfa9f brz-wrapper\">\n<div class=\"brz-rich-text brz-rich-text__custom brz-css-m11nj7\" data-brz-custom-id=\"pzigzonvylkitcbenmwxhbuncwmohexivikj\">\n<div data-brz-translate-text=\"1\">\n<p class=\"brz-ff-lato brz-ft-google brz-fs-lg-16 brz-fss-lg-px brz-fw-lg-400 brz-ls-lg-0 brz-lh-lg-1_6 brz-tp-lg-empty brz-text-lg-center brz-css-skw3K\" data-generated-css=\"brz-css-yjszw\"><span class=\"brz-cp-color1\"> <\/span><\/p>\n<p class=\"brz-ff-lato brz-ft-google brz-fs-lg-16 brz-fss-lg-px brz-fw-lg-400 brz-ls-lg-0 brz-lh-lg-1_6 brz-tp-lg-empty brz-text-lg-center brz-css-zPeqi\" data-generated-css=\"brz-css-yjszw\"><span class=\"brz-cp-color1\">Car les enfants ont \u00e9galement besoin de se d\u00e9penser et d&#8217;avoir une activit\u00e9 physique r\u00e9guli\u00e8re, nous proposons des cr\u00e9neaux sp\u00e9cialement pour nos futurs athl\u00e8tes.<\/span><\/p>\n<\/div>\n<\/div>\n<\/div>\n<div id=\"\" class=\"brz-css-1pjfa9f brz-css-vevnul brz-css-a20x90 brz-wrapper\">\n<div class=\"brz-spacer brz-css-gqybzc brz-css-14k1836\"><\/div>\n<\/div>\n<div id=\"\" class=\"brz-css-1pjfa9f brz-wrapper\">\n<div class=\"brz-icon-text brz-css-rki6u6 brz-css-1i0nwsr\" data-brz-custom-id=\"pdtozaeqzkofriciazwiasromhzaoebjifge\">\n<div class=\"brz-icon__container\" data-brz-custom-id=\"rzpqrxhyhvwibqgobbpckqjltqdkmhyeycao\"><span class=\"brz-icon brz-span brz-css-102izeo brz-css-1blon1e\"><\/span><\/div>\n<div class=\"brz-text-btn\">\n<div class=\"brz-rich-text brz-rich-text__custom brz-css-m11nj7\" data-brz-custom-id=\"iblsdvvsqontdgkqhecrioqfrcnlybmogkzn\">\n<div data-brz-translate-text=\"1\">\n<p class=\"brz-text-lg-center brz-mt-lg-5 brz-css-y2zIO\" data-uniq-id=\"pmxrs\" data-generated-css=\"brz-css-njsur\"><strong>Groupe de 10 enfants maximum<\/strong><\/p>\n<\/div>\n<\/div>\n<\/div>\n<\/div>\n<\/div>\n<div id=\"\" class=\"brz-css-1pjfa9f brz-wrapper\">\n<div class=\"brz-icon-text brz-css-rki6u6 brz-css-3snziq\" data-brz-custom-id=\"swqglekydyscqpbvcnwdpsipnqpdeywpresj\">\n<div class=\"brz-icon__container\" data-brz-custom-id=\"qdnmeizzfzadsmmfiexwlizeajsdjkyxzoha\"><span class=\"brz-icon brz-span brz-css-102izeo brz-css-489pbf\"><\/span><\/div>\n<div class=\"brz-text-btn\">\n<div class=\"brz-rich-text brz-rich-text__custom brz-css-m11nj7\" data-brz-custom-id=\"plzeawuwypgcxerzbfpoomhnwuiglgefelmi\">\n<div data-brz-translate-text=\"1\">\n<h5 class=\"brz-text-lg-center brz-fss-lg-px brz-fw-lg-700 brz-ls-lg-0 brz-lh-lg-1_6 brz-tp-lg-empty brz-ff-lato brz-ft-google brz-fs-lg-16 brz-mt-lg-4 brz-css-xDkEF\" data-uniq-id=\"kurli\" data-generated-css=\"brz-css-fspyd\"><span class=\"brz-cp-color1\">Activit\u00e9s encadr\u00e9es par des coachs dipl\u00f4m\u00e9s d&#8217;\u00e9tat<\/span><\/h5>\n<\/div>\n<\/div>\n<\/div>\n<\/div>\n<\/div>\n<div id=\"\" class=\"brz-css-1pjfa9f brz-wrapper\">\n<div class=\"brz-icon-text brz-css-rki6u6 brz-css-1o20waj\" data-brz-custom-id=\"phfbsvwuqffwhhljxwrbdhnxmseoytyusoel\">\n<div class=\"brz-icon__container\" data-brz-custom-id=\"hzzrwocpnnufqxtrkatzqiftiwjytlweuqvy\"><span class=\"brz-icon brz-span brz-css-102izeo brz-css-1tbdv7u\"><\/span><\/div>\n<div class=\"brz-text-btn\">\n<div class=\"brz-rich-text brz-rich-text__custom brz-css-m11nj7\" data-brz-custom-id=\"sbrhngrhmgjpzyeroksztrghuidwxambjksd\">\n<div data-brz-translate-text=\"1\">\n<h5 class=\"brz-ff-lato brz-ft-google brz-fs-lg-16 brz-fss-lg-px brz-fw-lg-700 brz-ls-lg-0 brz-lh-lg-1_6 brz-tp-lg-empty brz-text-lg-center brz-css-r22XV\" data-uniq-id=\"irmqi\" data-generated-css=\"brz-css-zvtig\"><span class=\"brz-cp-color1\">Activit\u00e9s physiques \u00e9ducatives et ludiques<\/span><\/h5>\n<\/div>\n<\/div>\n<\/div>\n<\/div>\n<\/div>\n<div id=\"\" class=\"brz-css-1pjfa9f brz-wrapper\">\n<div class=\"brz-rich-text brz-rich-text__custom brz-css-m11nj7\" data-brz-custom-id=\"ugsxypntwurkhzvoywldbjvthzpuynhmxszy\">\n<div data-brz-translate-text=\"1\">\n<p class=\"brz-text-lg-center brz-tp-lg-empty brz-lh-lg-1_6 brz-ls-lg-0 brz-fw-lg-400 brz-fss-lg-px brz-fs-lg-12 brz-ft-google brz-ff-lato brz-css-iHj6c\" data-generated-css=\"brz-css-smqwc\" data-uniq-id=\"cbooc\"><strong><em> <\/em><\/strong><\/p>\n<p class=\"brz-text-lg-center brz-tp-lg-empty brz-lh-lg-1_6 brz-ls-lg-0 brz-fw-lg-400 brz-fss-lg-px brz-fs-lg-12 brz-ft-google brz-ff-lato brz-css-nZlJb\" data-generated-css=\"brz-css-orcau\" data-uniq-id=\"qfaqp\"><strong><em> <\/em><\/strong><\/p>\n<p class=\"brz-tp-lg-empty brz-lh-lg-1_6 brz-ls-lg-0 brz-fw-lg-400 brz-fss-lg-px brz-fs-lg-12 brz-ft-google brz-ff-lato brz-text-lg-right brz-css-iWYDw\" data-generated-css=\"brz-css-kkhvp\" data-uniq-id=\"uogho\"><strong><em>LE STUDIO KID&#8217;S a pour vocation d&#8217;offrir une activit\u00e9 physique aux enfants tout en s&#8217;amusant. Nous ne recherchons pas la performance, mais le plaisir au travers de l&#8217;activit\u00e9 physique.<\/em><\/strong><\/p>\n<p class=\"brz-text-lg-center brz-tp-lg-empty brz-lh-lg-1_6 brz-ls-lg-0 brz-fw-lg-400 brz-fss-lg-px brz-fs-lg-12 brz-ft-google brz-ff-lato brz-css-tscCT\" data-generated-css=\"brz-css-gtryr\" data-uniq-id=\"mmrng\"><\/p>\n<p class=\"brz-text-lg-center brz-tp-lg-empty brz-lh-lg-1_6 brz-ls-lg-0 brz-fw-lg-400 brz-fss-lg-px brz-fs-lg-12 brz-ft-google brz-ff-lato brz-css-ddkyl\" data-generated-css=\"brz-css-lsxer\" data-uniq-id=\"nnrmj\"><strong><em>L&#8217;activit\u00e9 physique est primordiale pour le maintien en bonne sant\u00e9 et pour le d\u00e9veloppement des facult\u00e9s psycho-motrice de l&#8217;enfant.<\/em><\/strong><\/p>\n<p class=\"brz-text-lg-center brz-tp-lg-empty brz-lh-lg-1_6 brz-ls-lg-0 brz-fw-lg-400 brz-fss-lg-px brz-fs-lg-12 brz-ft-google brz-ff-lato brz-css-ksurA\" data-generated-css=\"brz-css-ixdgf\" data-uniq-id=\"lgcni\"><strong><em> <\/em><\/strong><\/p>\n<\/div>\n<\/div>\n<\/div>\n<div class=\"brz-wrapper-clone brz-css-zutuom\">\n<div class=\"brz-d-xs-flex brz-flex-xs-wrap brz-css-5cxaiy\" data-brz-custom-id=\"\">\n<div class=\"brz-wrapper-clone__item\" id=\"xrpffjwiwsozmfkqyizxktyasmkcffizljqv\"><a class=\"brz-a brz-btn brz-css-aydu7m brz-css-191vx51 brz-css-qksba brz-css-1oxp0tl\" href=\"https:\/\/lestudios.fr\/index.php\/espace-adherents\/\" target=\"_self\" rel=\"noopener\" data-brz-link-type=\"external\" data-brz-custom-id=\"xrpffjwiwsozmfkqyizxktyasmkcffizljqv\"><span data-brz-translate-text=\"1\" class=\"brz-span brz-text__editor\">R\u00c9SERVATION<\/span><\/a><\/div>\n<\/div>\n<\/div>\n<\/div>\n<\/div>\n<\/div>\n<\/div>\n<\/div>\n<\/div>\n<\/section>\n<\/div>\n<p>    <!-- version:1737111619 --><\/p>\n","protected":false},"excerpt":{"rendered":"<p>Car les enfants ont \u00e9galement besoin de se d\u00e9penser et d&#8217;avoir une activit\u00e9 physique r\u00e9guli\u00e8re, nous proposons des cr\u00e9neaux sp\u00e9cialement pour nos futurs athl\u00e8tes. Groupe de 10 enfants maximum Activit\u00e9s [&hellip;]<\/p>\n","protected":false},"author":1,"featured_media":0,"parent":0,"menu_order":0,"comment_status":"closed","ping_status":"closed","template":"brizy-blank-template.php","meta":{"footnotes":""},"class_list":["post-3153","page","type-page","status-publish","hentry"],"yoast_head":"<!-- This site is optimized with the Yoast SEO plugin v24.9 - https:\/\/yoast.com\/wordpress\/plugins\/seo\/ -->\n<title>LE STUDIO KID&#8217;S - LE STUDIO S<\/title>\n<meta name=\"description\" content=\"LE STUDIO S propose des activit\u00e9s sportives ludiques pour vos enfants encadr\u00e9s par des coachs dipl\u00f4m\u00e9s d&#039;\u00c9tat. Groupe de 10 maximum.\" \/>\n<meta name=\"robots\" content=\"index, follow, max-snippet:-1, max-image-preview:large, max-video-preview:-1\" \/>\n<link rel=\"canonical\" href=\"https:\/\/lestudios.fr\/index.php\/le-studio-kids\/\" \/>\n<meta property=\"og:locale\" content=\"en_US\" \/>\n<meta property=\"og:type\" content=\"article\" \/>\n<meta property=\"og:title\" content=\"LE STUDIO KID&#8217;S - LE STUDIO S\" \/>\n<meta property=\"og:description\" content=\"LE STUDIO S propose des activit\u00e9s sportives ludiques pour vos enfants encadr\u00e9s par des coachs dipl\u00f4m\u00e9s d&#039;\u00c9tat. Groupe de 10 maximum.\" \/>\n<meta property=\"og:url\" content=\"https:\/\/lestudios.fr\/index.php\/le-studio-kids\/\" \/>\n<meta property=\"og:site_name\" content=\"LE STUDIO S\" \/>\n<meta property=\"article:modified_time\" content=\"2026-04-07T01:51:12+00:00\" \/>\n<meta property=\"og:image\" content=\"https:\/\/lestudios.fr\/wp-content\/uploads\/brizy\/imgs\/edf-1-470x274x0x0x470x274x1631988296.jpg\" \/>\n<meta name=\"twitter:card\" content=\"summary_large_image\" \/>\n<meta name=\"twitter:label1\" content=\"Est. reading time\" \/>\n\t<meta name=\"twitter:data1\" content=\"1 minute\" \/>\n<script type=\"application\/ld+json\" class=\"yoast-schema-graph\">{\"@context\":\"https:\/\/schema.org\",\"@graph\":[{\"@type\":\"WebPage\",\"@id\":\"https:\/\/lestudios.fr\/index.php\/le-studio-kids\/\",\"url\":\"https:\/\/lestudios.fr\/index.php\/le-studio-kids\/\",\"name\":\"LE STUDIO KID&#8217;S - LE STUDIO S\",\"isPartOf\":{\"@id\":\"https:\/\/lestudios.fr\/#website\"},\"primaryImageOfPage\":{\"@id\":\"https:\/\/lestudios.fr\/index.php\/le-studio-kids\/#primaryimage\"},\"image\":{\"@id\":\"https:\/\/lestudios.fr\/index.php\/le-studio-kids\/#primaryimage\"},\"thumbnailUrl\":\"https:\/\/lestudios.fr\/wp-content\/uploads\/brizy\/imgs\/edf-1-470x274x0x0x470x274x1631988296.jpg\",\"datePublished\":\"2021-09-17T08:59:39+00:00\",\"dateModified\":\"2026-04-07T01:51:12+00:00\",\"description\":\"LE STUDIO S propose des activit\u00e9s sportives ludiques pour vos enfants encadr\u00e9s par des coachs dipl\u00f4m\u00e9s d'\u00c9tat. Groupe de 10 maximum.\",\"breadcrumb\":{\"@id\":\"https:\/\/lestudios.fr\/index.php\/le-studio-kids\/#breadcrumb\"},\"inLanguage\":\"en-US\",\"potentialAction\":[{\"@type\":\"ReadAction\",\"target\":[\"https:\/\/lestudios.fr\/index.php\/le-studio-kids\/\"]}]},{\"@type\":\"ImageObject\",\"inLanguage\":\"en-US\",\"@id\":\"https:\/\/lestudios.fr\/index.php\/le-studio-kids\/#primaryimage\",\"url\":\"https:\/\/lestudios.fr\/wp-content\/uploads\/brizy\/imgs\/edf-1-470x274x0x0x470x274x1631988296.jpg\",\"contentUrl\":\"https:\/\/lestudios.fr\/wp-content\/uploads\/brizy\/imgs\/edf-1-470x274x0x0x470x274x1631988296.jpg\"},{\"@type\":\"BreadcrumbList\",\"@id\":\"https:\/\/lestudios.fr\/index.php\/le-studio-kids\/#breadcrumb\",\"itemListElement\":[{\"@type\":\"ListItem\",\"position\":1,\"name\":\"Accueil\",\"item\":\"https:\/\/lestudios.fr\/\"},{\"@type\":\"ListItem\",\"position\":2,\"name\":\"LE STUDIO KID&#8217;S\"}]},{\"@type\":\"WebSite\",\"@id\":\"https:\/\/lestudios.fr\/#website\",\"url\":\"https:\/\/lestudios.fr\/\",\"name\":\"LE STUDIO S\",\"description\":\"Sports Premium\",\"potentialAction\":[{\"@type\":\"SearchAction\",\"target\":{\"@type\":\"EntryPoint\",\"urlTemplate\":\"https:\/\/lestudios.fr\/?s={search_term_string}\"},\"query-input\":{\"@type\":\"PropertyValueSpecification\",\"valueRequired\":true,\"valueName\":\"search_term_string\"}}],\"inLanguage\":\"en-US\"}]}<\/script>\n<!-- \/ Yoast SEO plugin. -->","yoast_head_json":{"title":"LE STUDIO KID&#8217;S - LE STUDIO S","description":"LE STUDIO S propose des activit\u00e9s sportives ludiques pour vos enfants encadr\u00e9s par des coachs dipl\u00f4m\u00e9s d'\u00c9tat. Groupe de 10 maximum.","robots":{"index":"index","follow":"follow","max-snippet":"max-snippet:-1","max-image-preview":"max-image-preview:large","max-video-preview":"max-video-preview:-1"},"canonical":"https:\/\/lestudios.fr\/index.php\/le-studio-kids\/","og_locale":"en_US","og_type":"article","og_title":"LE STUDIO KID&#8217;S - LE STUDIO S","og_description":"LE STUDIO S propose des activit\u00e9s sportives ludiques pour vos enfants encadr\u00e9s par des coachs dipl\u00f4m\u00e9s d'\u00c9tat. Groupe de 10 maximum.","og_url":"https:\/\/lestudios.fr\/index.php\/le-studio-kids\/","og_site_name":"LE STUDIO S","article_modified_time":"2026-04-07T01:51:12+00:00","og_image":[{"url":"https:\/\/lestudios.fr\/wp-content\/uploads\/brizy\/imgs\/edf-1-470x274x0x0x470x274x1631988296.jpg","type":"","width":"","height":""}],"twitter_card":"summary_large_image","twitter_misc":{"Est. reading time":"1 minute"},"schema":{"@context":"https:\/\/schema.org","@graph":[{"@type":"WebPage","@id":"https:\/\/lestudios.fr\/index.php\/le-studio-kids\/","url":"https:\/\/lestudios.fr\/index.php\/le-studio-kids\/","name":"LE STUDIO KID&#8217;S - LE STUDIO S","isPartOf":{"@id":"https:\/\/lestudios.fr\/#website"},"primaryImageOfPage":{"@id":"https:\/\/lestudios.fr\/index.php\/le-studio-kids\/#primaryimage"},"image":{"@id":"https:\/\/lestudios.fr\/index.php\/le-studio-kids\/#primaryimage"},"thumbnailUrl":"https:\/\/lestudios.fr\/wp-content\/uploads\/brizy\/imgs\/edf-1-470x274x0x0x470x274x1631988296.jpg","datePublished":"2021-09-17T08:59:39+00:00","dateModified":"2026-04-07T01:51:12+00:00","description":"LE STUDIO S propose des activit\u00e9s sportives ludiques pour vos enfants encadr\u00e9s par des coachs dipl\u00f4m\u00e9s d'\u00c9tat. Groupe de 10 maximum.","breadcrumb":{"@id":"https:\/\/lestudios.fr\/index.php\/le-studio-kids\/#breadcrumb"},"inLanguage":"en-US","potentialAction":[{"@type":"ReadAction","target":["https:\/\/lestudios.fr\/index.php\/le-studio-kids\/"]}]},{"@type":"ImageObject","inLanguage":"en-US","@id":"https:\/\/lestudios.fr\/index.php\/le-studio-kids\/#primaryimage","url":"https:\/\/lestudios.fr\/wp-content\/uploads\/brizy\/imgs\/edf-1-470x274x0x0x470x274x1631988296.jpg","contentUrl":"https:\/\/lestudios.fr\/wp-content\/uploads\/brizy\/imgs\/edf-1-470x274x0x0x470x274x1631988296.jpg"},{"@type":"BreadcrumbList","@id":"https:\/\/lestudios.fr\/index.php\/le-studio-kids\/#breadcrumb","itemListElement":[{"@type":"ListItem","position":1,"name":"Accueil","item":"https:\/\/lestudios.fr\/"},{"@type":"ListItem","position":2,"name":"LE STUDIO KID&#8217;S"}]},{"@type":"WebSite","@id":"https:\/\/lestudios.fr\/#website","url":"https:\/\/lestudios.fr\/","name":"LE STUDIO S","description":"Sports Premium","potentialAction":[{"@type":"SearchAction","target":{"@type":"EntryPoint","urlTemplate":"https:\/\/lestudios.fr\/?s={search_term_string}"},"query-input":{"@type":"PropertyValueSpecification","valueRequired":true,"valueName":"search_term_string"}}],"inLanguage":"en-US"}]}},"brizy_media":[{"id":2954,"url":"https:\/\/lestudios.fr\/wp-content\/uploads\/2021\/09\/ooo.jpg","name":"ooo.jpg","meta":{"brizy_attachment_uid":"wp-e3b7614db881fd0d040c83ee7d332aca.jpg","brizy_post_uid":["ffc219f1c756983fbb6a02212ed52b63","87123d72e766d772ed27fb209896ed58"]}},{"id":3155,"url":"https:\/\/lestudios.fr\/wp-content\/uploads\/brizy\/3153\/assets\/images\/d03-Img-Lips-1.jpg","name":"d03-Img-Lips-1.jpg","meta":{"brizy_attachment_uid":"d03-Img-Lips-1.jpg","brizy_post_uid":["87123d72e766d772ed27fb209896ed58"]}},{"id":88,"url":"https:\/\/lestudios.fr\/wp-content\/uploads\/2020\/01\/cropped-LE-STUDIO-S-1.png","name":"cropped-LE-STUDIO-S-1.png","meta":{"brizy_attachment_uid":"wp-2ce230cbf6e17d4affe153b0c2e5c424.png","brizy_post_uid":["87123d72e766d772ed27fb209896ed58"]}},{"id":3297,"url":"https:\/\/lestudios.fr\/wp-content\/uploads\/2021\/09\/LOGO-2021.png","name":"LOGO-2021.png","meta":{"brizy_attachment_uid":"wp-1d169a5e77dddcb0b2f29794fd05355e.png","brizy_post_uid":["ffc219f1c756983fbb6a02212ed52b63","32b2904b10b9b3e9919ee2a7030d0465","bb510a0449f8a06bee6b2059bc36f2ce","3a3dd1a2e1b23e66177a9ca987872fd6","348911a4f68c478e9bc829e150783c78","e5ac58b29e81ad59dede71cbbc5dc3b2","87123d72e766d772ed27fb209896ed58","0c36e522c52e265ebeb77e6f5965387a"]}},{"id":3434,"url":"https:\/\/lestudios.fr\/wp-content\/uploads\/2021\/09\/KIDS.png","name":"KIDS.png","meta":{"brizy_attachment_uid":"wp-4bc5b5bf96edc5e0cc4ec76a422837ed.png","brizy_post_uid":["87123d72e766d772ed27fb209896ed58"]}},{"id":3435,"url":"https:\/\/lestudios.fr\/wp-content\/uploads\/2021\/09\/edf-1.jpg","name":"edf-1.jpg","meta":{"brizy_attachment_uid":"wp-03ff92ab0cb9848f119e2ce7f625cf06.jpg","brizy_post_uid":["87123d72e766d772ed27fb209896ed58"]}},{"id":3512,"url":"https:\/\/lestudios.fr\/wp-content\/uploads\/2021\/09\/WHITE-CONTACT-1.png","name":"WHITE-CONTACT-1.png","meta":{"brizy_attachment_uid":"wp-f340d008b2ec7bcfd225d0031efc218b.png","brizy_post_uid":["ffc219f1c756983fbb6a02212ed52b63","32b2904b10b9b3e9919ee2a7030d0465","0c36e522c52e265ebeb77e6f5965387a","3f50cf5de385856e2aa9e934a847d71d","3a3dd1a2e1b23e66177a9ca987872fd6","348911a4f68c478e9bc829e150783c78","87123d72e766d772ed27fb209896ed58","e5ac58b29e81ad59dede71cbbc5dc3b2"]}}],"_links":{"self":[{"href":"https:\/\/lestudios.fr\/index.php\/wp-json\/wp\/v2\/pages\/3153","targetHints":{"allow":["GET"]}}],"collection":[{"href":"https:\/\/lestudios.fr\/index.php\/wp-json\/wp\/v2\/pages"}],"about":[{"href":"https:\/\/lestudios.fr\/index.php\/wp-json\/wp\/v2\/types\/page"}],"author":[{"embeddable":true,"href":"https:\/\/lestudios.fr\/index.php\/wp-json\/wp\/v2\/users\/1"}],"replies":[{"embeddable":true,"href":"https:\/\/lestudios.fr\/index.php\/wp-json\/wp\/v2\/comments?post=3153"}],"version-history":[{"count":29,"href":"https:\/\/lestudios.fr\/index.php\/wp-json\/wp\/v2\/pages\/3153\/revisions"}],"predecessor-version":[{"id":3772,"href":"https:\/\/lestudios.fr\/index.php\/wp-json\/wp\/v2\/pages\/3153\/revisions\/3772"}],"wp:attachment":[{"href":"https:\/\/lestudios.fr\/index.php\/wp-json\/wp\/v2\/media?parent=3153"}],"curies":[{"name":"wp","href":"https:\/\/api.w.org\/{rel}","templated":true}]}}